{"id":7742,"date":"2026-04-01T18:16:03","date_gmt":"2026-04-01T16:16:03","guid":{"rendered":"https:\/\/relais-farfadets.net\/blog\/?page_id=7742"},"modified":"2026-04-01T18:16:03","modified_gmt":"2026-04-01T16:16:03","slug":"lexique","status":"publish","type":"page","link":"https:\/\/relais-farfadets.net\/blog\/lexique\/","title":{"rendered":"Lexique"},"content":{"rendered":"<p>Lexique<br \/>\nC<br \/>\nChambre d&rsquo;h\u00f4tes de charme : h\u00e9bergement chez l&rsquo;habitant se distinguant par la qualit\u00e9 de son cadre, de sa d\u00e9coration et de l&rsquo;accueil personnalis\u00e9 propos\u00e9.<br \/>\nG<br \/>\nG\u00eete : h\u00e9bergement de vacances lou\u00e9 en autonomie, g\u00e9n\u00e9ralement en milieu rural, permettant de s\u00e9journer en immersion dans un cadre authentique.<br \/>\nH<br \/>\nH\u00e9bergement insolite : formule d&rsquo;h\u00e9bergement atypique (cabane dans les arbres, yourte, roulotte) offrant une exp\u00e9rience de nuit hors du commun.<\/p>\n","protected":false},"excerpt":{"rendered":"","protected":false},"author":34,"featured_media":0,"parent":0,"menu_order":0,"comment_status":"closed","ping_status":"closed","template":"","meta":{"_acf_changed":false,"manual_indexmenow":false,"indexmenow_id_project":0,"footnotes":""},"class_list":["post-7742","page","type-page","status-publish"],"acf":[],"yoast_head":"<!-- This site is optimized with the Yoast SEO Premium plugin v21.3 (Yoast SEO v26.5) - https:\/\/yoast.com\/wordpress\/plugins\/seo\/ -->\n<title>Lexique<\/title>\n<meta name=\"description\" content=\"Lexique C Chambre d&#039;h\u00f4tes de charme : h\u00e9bergement chez l&#039;habitant se distinguant par la qualit\u00e9 de son cadre, de sa d\u00e9coration et de l&#039;accueil\" \/>\n<meta name=\"robots\" content=\"index, follow, max-snippet:-1, max-image-preview:large, max-video-preview:-1\" \/>\n<link rel=\"canonical\" href=\"https:\/\/relais-farfadets.net\/blog\/lexique\/\" \/>\n<meta property=\"og:locale\" content=\"fr_FR\" \/>\n<meta property=\"og:type\" content=\"article\" \/>\n<meta property=\"og:title\" content=\"Lexique\" \/>\n<meta property=\"og:description\" content=\"Lexique C Chambre d&#039;h\u00f4tes de charme : h\u00e9bergement chez l&#039;habitant se distinguant par la qualit\u00e9 de son cadre, de sa d\u00e9coration et de l&#039;accueil\" \/>\n<meta property=\"og:url\" content=\"https:\/\/relais-farfadets.net\/blog\/lexique\/\" \/>\n<meta property=\"og:site_name\" content=\"relais-farfadets\" \/>\n<meta name=\"twitter:card\" content=\"summary_large_image\" \/>\n<script type=\"application\/ld+json\" class=\"yoast-schema-graph\">{\"@context\":\"https:\/\/schema.org\",\"@graph\":[{\"@type\":\"WebPage\",\"@id\":\"https:\/\/relais-farfadets.net\/blog\/lexique\/\",\"url\":\"https:\/\/relais-farfadets.net\/blog\/lexique\/\",\"name\":\"Lexique\",\"isPartOf\":{\"@id\":\"https:\/\/relais-farfadets.net\/blog\/#website\"},\"datePublished\":\"2026-04-01T16:16:03+00:00\",\"description\":\"Lexique C Chambre d'h\u00f4tes de charme : h\u00e9bergement chez l'habitant se distinguant par la qualit\u00e9 de son cadre, de sa d\u00e9coration et de l'accueil\",\"inLanguage\":\"fr-FR\",\"potentialAction\":[{\"@type\":\"ReadAction\",\"target\":[\"https:\/\/relais-farfadets.net\/blog\/lexique\/\"]}]},{\"@type\":\"WebSite\",\"@id\":\"https:\/\/relais-farfadets.net\/blog\/#website\",\"url\":\"https:\/\/relais-farfadets.net\/blog\/\",\"name\":\"relais-farfadets.net\",\"description\":\"Relais Farfadets, l&#039;univers magique pour toute la famille\",\"publisher\":{\"@id\":\"https:\/\/relais-farfadets.net\/blog\/#organization\"},\"alternateName\":\"Relais Farfadets, l'univers magique pour toute la famille\",\"potentialAction\":[{\"@type\":\"SearchAction\",\"target\":{\"@type\":\"EntryPoint\",\"urlTemplate\":\"https:\/\/relais-farfadets.net\/blog\/?s={search_term_string}\"},\"query-input\":{\"@type\":\"PropertyValueSpecification\",\"valueRequired\":true,\"valueName\":\"search_term_string\"}}],\"inLanguage\":\"fr-FR\"},{\"@type\":\"Organization\",\"@id\":\"https:\/\/relais-farfadets.net\/blog\/#organization\",\"name\":\"Foretsensations.fr\",\"url\":\"https:\/\/relais-farfadets.net\/blog\/\",\"logo\":{\"@type\":\"ImageObject\",\"inLanguage\":\"fr-FR\",\"@id\":\"https:\/\/relais-farfadets.net\/blog\/#\/schema\/logo\/image\/\",\"url\":\"https:\/\/relais-farfadets.net\/blog\/wp-content\/uploads\/2024\/12\/5.png\",\"contentUrl\":\"https:\/\/relais-farfadets.net\/blog\/wp-content\/uploads\/2024\/12\/5.png\",\"width\":500,\"height\":500,\"caption\":\"Foretsensations.fr\"},\"image\":{\"@id\":\"https:\/\/relais-farfadets.net\/blog\/#\/schema\/logo\/image\/\"}}]}<\/script>\n<!-- \/ Yoast SEO Premium plugin. -->","yoast_head_json":{"title":"Lexique","description":"Lexique C Chambre d'h\u00f4tes de charme : h\u00e9bergement chez l'habitant se distinguant par la qualit\u00e9 de son cadre, de sa d\u00e9coration et de l'accueil","robots":{"index":"index","follow":"follow","max-snippet":"max-snippet:-1","max-image-preview":"max-image-preview:large","max-video-preview":"max-video-preview:-1"},"canonical":"https:\/\/relais-farfadets.net\/blog\/lexique\/","og_locale":"fr_FR","og_type":"article","og_title":"Lexique","og_description":"Lexique C Chambre d'h\u00f4tes de charme : h\u00e9bergement chez l'habitant se distinguant par la qualit\u00e9 de son cadre, de sa d\u00e9coration et de l'accueil","og_url":"https:\/\/relais-farfadets.net\/blog\/lexique\/","og_site_name":"relais-farfadets","twitter_card":"summary_large_image","schema":{"@context":"https:\/\/schema.org","@graph":[{"@type":"WebPage","@id":"https:\/\/relais-farfadets.net\/blog\/lexique\/","url":"https:\/\/relais-farfadets.net\/blog\/lexique\/","name":"Lexique","isPartOf":{"@id":"https:\/\/relais-farfadets.net\/blog\/#website"},"datePublished":"2026-04-01T16:16:03+00:00","description":"Lexique C Chambre d'h\u00f4tes de charme : h\u00e9bergement chez l'habitant se distinguant par la qualit\u00e9 de son cadre, de sa d\u00e9coration et de l'accueil","inLanguage":"fr-FR","potentialAction":[{"@type":"ReadAction","target":["https:\/\/relais-farfadets.net\/blog\/lexique\/"]}]},{"@type":"WebSite","@id":"https:\/\/relais-farfadets.net\/blog\/#website","url":"https:\/\/relais-farfadets.net\/blog\/","name":"relais-farfadets.net","description":"Relais Farfadets, l&#039;univers magique pour toute la famille","publisher":{"@id":"https:\/\/relais-farfadets.net\/blog\/#organization"},"alternateName":"Relais Farfadets, l'univers magique pour toute la famille","potentialAction":[{"@type":"SearchAction","target":{"@type":"EntryPoint","urlTemplate":"https:\/\/relais-farfadets.net\/blog\/?s={search_term_string}"},"query-input":{"@type":"PropertyValueSpecification","valueRequired":true,"valueName":"search_term_string"}}],"inLanguage":"fr-FR"},{"@type":"Organization","@id":"https:\/\/relais-farfadets.net\/blog\/#organization","name":"Foretsensations.fr","url":"https:\/\/relais-farfadets.net\/blog\/","logo":{"@type":"ImageObject","inLanguage":"fr-FR","@id":"https:\/\/relais-farfadets.net\/blog\/#\/schema\/logo\/image\/","url":"https:\/\/relais-farfadets.net\/blog\/wp-content\/uploads\/2024\/12\/5.png","contentUrl":"https:\/\/relais-farfadets.net\/blog\/wp-content\/uploads\/2024\/12\/5.png","width":500,"height":500,"caption":"Foretsensations.fr"},"image":{"@id":"https:\/\/relais-farfadets.net\/blog\/#\/schema\/logo\/image\/"}}]}},"_links":{"self":[{"href":"https:\/\/relais-farfadets.net\/blog\/wp-json\/wp\/v2\/pages\/7742","targetHints":{"allow":["GET"]}}],"collection":[{"href":"https:\/\/relais-farfadets.net\/blog\/wp-json\/wp\/v2\/pages"}],"about":[{"href":"https:\/\/relais-farfadets.net\/blog\/wp-json\/wp\/v2\/types\/page"}],"author":[{"embeddable":true,"href":"https:\/\/relais-farfadets.net\/blog\/wp-json\/wp\/v2\/users\/34"}],"replies":[{"embeddable":true,"href":"https:\/\/relais-farfadets.net\/blog\/wp-json\/wp\/v2\/comments?post=7742"}],"version-history":[{"count":1,"href":"https:\/\/relais-farfadets.net\/blog\/wp-json\/wp\/v2\/pages\/7742\/revisions"}],"predecessor-version":[{"id":7744,"href":"https:\/\/relais-farfadets.net\/blog\/wp-json\/wp\/v2\/pages\/7742\/revisions\/7744"}],"wp:attachment":[{"href":"https:\/\/relais-farfadets.net\/blog\/wp-json\/wp\/v2\/media?parent=7742"}],"curies":[{"name":"wp","href":"https:\/\/api.w.org\/{rel}","templated":true}]}}