{"id":69,"date":"2023-10-11T12:08:25","date_gmt":"2023-10-11T10:08:25","guid":{"rendered":"https:\/\/relais-farfadets.net\/blog\/?page_id=69"},"modified":"2026-04-01T18:08:47","modified_gmt":"2026-04-01T16:08:47","slug":"lequipe","status":"publish","type":"page","link":"https:\/\/relais-farfadets.net\/blog\/lequipe\/","title":{"rendered":"L&rsquo;\u00e9quipe &#038; \u00c9dito"},"content":{"rendered":"<p> Relais Farfadets est l&rsquo;univers magique pour toute la famille, d\u00e9di\u00e9 aux maisons d&rsquo;h\u00f4tes et h\u00e9bergements de charme en France. Provence, Bretagne, Loire, Alsace : nous recensons les plus belles maisons d&rsquo;h\u00f4tes par r\u00e9gion, expliquons leurs avantages par rapport aux h\u00f4tels classiques et vous aidons \u00e0 choisir l&rsquo;h\u00e9bergement parfait selon vos envies \u2014 romantique, familial ou nature. Bienvenue dans un monde o\u00f9 l&rsquo;hospitalit\u00e9 fait toute la diff\u00e9rence.<br \/>\nNotre \u00e9quipe r\u00e9unit un sp\u00e9cialiste de l&rsquo;h\u00e9bergement de charme en France, et une r\u00e9dactrice passionn\u00e9e par les s\u00e9jours authentiques et l&rsquo;hospitalit\u00e9 rurale.<\/p>\n","protected":false},"excerpt":{"rendered":"","protected":false},"author":34,"featured_media":0,"parent":0,"menu_order":0,"comment_status":"closed","ping_status":"closed","template":"","meta":{"_acf_changed":false,"manual_indexmenow":false,"indexmenow_id_project":0,"footnotes":""},"class_list":["post-69","page","type-page","status-publish"],"acf":[],"yoast_head":"<!-- This site is optimized with the Yoast SEO Premium plugin v21.3 (Yoast SEO v26.5) - https:\/\/yoast.com\/wordpress\/plugins\/seo\/ -->\n<title>L&#039;\u00e9quipe &amp; \u00c9dito<\/title>\n<meta name=\"description\" content=\"Relais Farfadets est l&#039;univers magique pour toute la famille, d\u00e9di\u00e9 aux maisons d&#039;h\u00f4tes et h\u00e9bergements de charme en France. Provence, Bretagne, Loire,\" \/>\n<meta name=\"robots\" content=\"index, follow, max-snippet:-1, max-image-preview:large, max-video-preview:-1\" \/>\n<link rel=\"canonical\" href=\"https:\/\/relais-farfadets.net\/blog\/lequipe\/\" \/>\n<meta property=\"og:locale\" content=\"fr_FR\" \/>\n<meta property=\"og:type\" content=\"article\" \/>\n<meta property=\"og:title\" content=\"L&#039;\u00e9quipe &amp; \u00c9dito\" \/>\n<meta property=\"og:description\" content=\"Relais Farfadets est l&#039;univers magique pour toute la famille, d\u00e9di\u00e9 aux maisons d&#039;h\u00f4tes et h\u00e9bergements de charme en France. Provence, Bretagne, Loire,\" \/>\n<meta property=\"og:url\" content=\"https:\/\/relais-farfadets.net\/blog\/lequipe\/\" \/>\n<meta property=\"og:site_name\" content=\"relais-farfadets\" \/>\n<meta name=\"twitter:card\" content=\"summary_large_image\" \/>\n<script type=\"application\/ld+json\" class=\"yoast-schema-graph\">{\"@context\":\"https:\/\/schema.org\",\"@graph\":[{\"@type\":\"WebPage\",\"@id\":\"https:\/\/relais-farfadets.net\/blog\/lequipe\/\",\"url\":\"https:\/\/relais-farfadets.net\/blog\/lequipe\/\",\"name\":\"L'\u00e9quipe & \u00c9dito\",\"isPartOf\":{\"@id\":\"https:\/\/relais-farfadets.net\/blog\/#website\"},\"datePublished\":\"2023-10-11T10:08:25+00:00\",\"dateModified\":\"2026-04-01T16:08:47+00:00\",\"description\":\"Relais Farfadets est l'univers magique pour toute la famille, d\u00e9di\u00e9 aux maisons d'h\u00f4tes et h\u00e9bergements de charme en France. Provence, Bretagne, Loire,\",\"inLanguage\":\"fr-FR\",\"potentialAction\":[{\"@type\":\"ReadAction\",\"target\":[\"https:\/\/relais-farfadets.net\/blog\/lequipe\/\"]}]},{\"@type\":\"WebSite\",\"@id\":\"https:\/\/relais-farfadets.net\/blog\/#website\",\"url\":\"https:\/\/relais-farfadets.net\/blog\/\",\"name\":\"relais-farfadets.net\",\"description\":\"Relais Farfadets, l&#039;univers magique pour toute la famille\",\"publisher\":{\"@id\":\"https:\/\/relais-farfadets.net\/blog\/#organization\"},\"alternateName\":\"Relais Farfadets, l'univers magique pour toute la famille\",\"potentialAction\":[{\"@type\":\"SearchAction\",\"target\":{\"@type\":\"EntryPoint\",\"urlTemplate\":\"https:\/\/relais-farfadets.net\/blog\/?s={search_term_string}\"},\"query-input\":{\"@type\":\"PropertyValueSpecification\",\"valueRequired\":true,\"valueName\":\"search_term_string\"}}],\"inLanguage\":\"fr-FR\"},{\"@type\":\"Organization\",\"@id\":\"https:\/\/relais-farfadets.net\/blog\/#organization\",\"name\":\"Foretsensations.fr\",\"url\":\"https:\/\/relais-farfadets.net\/blog\/\",\"logo\":{\"@type\":\"ImageObject\",\"inLanguage\":\"fr-FR\",\"@id\":\"https:\/\/relais-farfadets.net\/blog\/#\/schema\/logo\/image\/\",\"url\":\"https:\/\/relais-farfadets.net\/blog\/wp-content\/uploads\/2024\/12\/5.png\",\"contentUrl\":\"https:\/\/relais-farfadets.net\/blog\/wp-content\/uploads\/2024\/12\/5.png\",\"width\":500,\"height\":500,\"caption\":\"Foretsensations.fr\"},\"image\":{\"@id\":\"https:\/\/relais-farfadets.net\/blog\/#\/schema\/logo\/image\/\"}}]}<\/script>\n<!-- \/ Yoast SEO Premium plugin. -->","yoast_head_json":{"title":"L'\u00e9quipe & \u00c9dito","description":"Relais Farfadets est l'univers magique pour toute la famille, d\u00e9di\u00e9 aux maisons d'h\u00f4tes et h\u00e9bergements de charme en France. Provence, Bretagne, Loire,","robots":{"index":"index","follow":"follow","max-snippet":"max-snippet:-1","max-image-preview":"max-image-preview:large","max-video-preview":"max-video-preview:-1"},"canonical":"https:\/\/relais-farfadets.net\/blog\/lequipe\/","og_locale":"fr_FR","og_type":"article","og_title":"L'\u00e9quipe & \u00c9dito","og_description":"Relais Farfadets est l'univers magique pour toute la famille, d\u00e9di\u00e9 aux maisons d'h\u00f4tes et h\u00e9bergements de charme en France. Provence, Bretagne, Loire,","og_url":"https:\/\/relais-farfadets.net\/blog\/lequipe\/","og_site_name":"relais-farfadets","twitter_card":"summary_large_image","schema":{"@context":"https:\/\/schema.org","@graph":[{"@type":"WebPage","@id":"https:\/\/relais-farfadets.net\/blog\/lequipe\/","url":"https:\/\/relais-farfadets.net\/blog\/lequipe\/","name":"L'\u00e9quipe & \u00c9dito","isPartOf":{"@id":"https:\/\/relais-farfadets.net\/blog\/#website"},"datePublished":"2023-10-11T10:08:25+00:00","dateModified":"2026-04-01T16:08:47+00:00","description":"Relais Farfadets est l'univers magique pour toute la famille, d\u00e9di\u00e9 aux maisons d'h\u00f4tes et h\u00e9bergements de charme en France. Provence, Bretagne, Loire,","inLanguage":"fr-FR","potentialAction":[{"@type":"ReadAction","target":["https:\/\/relais-farfadets.net\/blog\/lequipe\/"]}]},{"@type":"WebSite","@id":"https:\/\/relais-farfadets.net\/blog\/#website","url":"https:\/\/relais-farfadets.net\/blog\/","name":"relais-farfadets.net","description":"Relais Farfadets, l&#039;univers magique pour toute la famille","publisher":{"@id":"https:\/\/relais-farfadets.net\/blog\/#organization"},"alternateName":"Relais Farfadets, l'univers magique pour toute la famille","potentialAction":[{"@type":"SearchAction","target":{"@type":"EntryPoint","urlTemplate":"https:\/\/relais-farfadets.net\/blog\/?s={search_term_string}"},"query-input":{"@type":"PropertyValueSpecification","valueRequired":true,"valueName":"search_term_string"}}],"inLanguage":"fr-FR"},{"@type":"Organization","@id":"https:\/\/relais-farfadets.net\/blog\/#organization","name":"Foretsensations.fr","url":"https:\/\/relais-farfadets.net\/blog\/","logo":{"@type":"ImageObject","inLanguage":"fr-FR","@id":"https:\/\/relais-farfadets.net\/blog\/#\/schema\/logo\/image\/","url":"https:\/\/relais-farfadets.net\/blog\/wp-content\/uploads\/2024\/12\/5.png","contentUrl":"https:\/\/relais-farfadets.net\/blog\/wp-content\/uploads\/2024\/12\/5.png","width":500,"height":500,"caption":"Foretsensations.fr"},"image":{"@id":"https:\/\/relais-farfadets.net\/blog\/#\/schema\/logo\/image\/"}}]}},"_links":{"self":[{"href":"https:\/\/relais-farfadets.net\/blog\/wp-json\/wp\/v2\/pages\/69","targetHints":{"allow":["GET"]}}],"collection":[{"href":"https:\/\/relais-farfadets.net\/blog\/wp-json\/wp\/v2\/pages"}],"about":[{"href":"https:\/\/relais-farfadets.net\/blog\/wp-json\/wp\/v2\/types\/page"}],"author":[{"embeddable":true,"href":"https:\/\/relais-farfadets.net\/blog\/wp-json\/wp\/v2\/users\/34"}],"replies":[{"embeddable":true,"href":"https:\/\/relais-farfadets.net\/blog\/wp-json\/wp\/v2\/comments?post=69"}],"version-history":[{"count":35,"href":"https:\/\/relais-farfadets.net\/blog\/wp-json\/wp\/v2\/pages\/69\/revisions"}],"predecessor-version":[{"id":7741,"href":"https:\/\/relais-farfadets.net\/blog\/wp-json\/wp\/v2\/pages\/69\/revisions\/7741"}],"wp:attachment":[{"href":"https:\/\/relais-farfadets.net\/blog\/wp-json\/wp\/v2\/media?parent=69"}],"curies":[{"name":"wp","href":"https:\/\/api.w.org\/{rel}","templated":true}]}}